{"id":1907,"date":"2022-09-30T13:06:47","date_gmt":"2022-09-30T17:06:47","guid":{"rendered":"https:\/\/mlsarchitectes.com\/carrieres\/"},"modified":"2023-06-20T17:16:44","modified_gmt":"2023-06-20T21:16:44","slug":"careers","status":"publish","type":"page","link":"https:\/\/mlsarchitectes.com\/en\/careers\/","title":{"rendered":"Careers"},"content":{"rendered":"\n<div id=\"Carri\u00e8res\" class=\"wp-block-group is-style-box-shadow is-layout-constrained wp-container-core-group-is-layout-ad3dd4a2 wp-block-group-is-layout-constrained\" style=\"padding-top:var(--wp--preset--spacing--80);padding-bottom:var(--wp--preset--spacing--80)\">\n<h2 class=\"wp-block-heading\">Careers<\/h2>\n\n\n<div id=\"block_098585a8fc4c032851e3c45839f73f0f\" class=\"carrieres-wrap afficher-carrieres\">\n    <div class=\"layout-flex layout-gapless gap\">\n                            <div class=\"layout-50\">\n                <div class=\"single-mini-carriere\">\n    <a href=\"https:\/\/mlsarchitectes.com\/en\/career\/architect\/\">\n        <div class=\"date\">01\/02\/25<\/div>\n        <div class=\"separateur\"><\/div>\n        <div class=\"layout-flex layout-gapless justify-content-space-between\">\n            <div class=\"info\">\n                <div class=\"titre\">\n                    <h4>Architect<\/h4>                <\/div>\n                <div class=\"layout-flex layout-gapless\">\n                    <div class=\"emplacement\">Val-d&#8217;Or<\/div>\n                    <div class=\"statut\">Temps plein<\/div>\n                <\/div>\n            <\/div>\n            <div class=\"lien\">\n                <div class=\"btn-fleche\">\n                    <div class=\"fleches\">\n                        <img decoding=\"async\" src=\"https:\/\/mlsarchitectes.com\/wp-content\/themes\/mls\/images\/fleche.svg\" alt=\"Fl\u00e8che bouton - Carri\u00e8re singuli\u00e8re\">\n                        <img decoding=\"async\" src=\"https:\/\/mlsarchitectes.com\/wp-content\/themes\/mls\/images\/fleche.svg\" alt=\"Fl\u00e8che bouton - Carri\u00e8re singuli\u00e8re\">\n                    <\/div>\n                <\/div>\n            <\/div>\n        <\/div>\n    <\/a>\n<\/div>            <\/div>\n                    <div class=\"layout-50\">\n                <div class=\"single-mini-carriere\">\n    <a href=\"https:\/\/mlsarchitectes.com\/en\/career\/architectural-technologist-2\/\">\n        <div class=\"date\">07\/07\/25<\/div>\n        <div class=\"separateur\"><\/div>\n        <div class=\"layout-flex layout-gapless justify-content-space-between\">\n            <div class=\"info\">\n                <div class=\"titre\">\n                    <h4>Architectural Technologist<\/h4>                <\/div>\n                <div class=\"layout-flex layout-gapless\">\n                    <div class=\"emplacement\">Val-d&#8217;Or<\/div>\n                    <div class=\"statut\">Temps plein<\/div>\n                <\/div>\n            <\/div>\n            <div class=\"lien\">\n                <div class=\"btn-fleche\">\n                    <div class=\"fleches\">\n                        <img decoding=\"async\" src=\"https:\/\/mlsarchitectes.com\/wp-content\/themes\/mls\/images\/fleche.svg\" alt=\"Fl\u00e8che bouton - Carri\u00e8re singuli\u00e8re\">\n                        <img decoding=\"async\" src=\"https:\/\/mlsarchitectes.com\/wp-content\/themes\/mls\/images\/fleche.svg\" alt=\"Fl\u00e8che bouton - Carri\u00e8re singuli\u00e8re\">\n                    <\/div>\n                <\/div>\n            <\/div>\n        <\/div>\n    <\/a>\n<\/div>            <\/div>\n                            <\/div>\n<\/div><\/div>\n\n\n\n<div id=\"Travailler\" class=\"wp-block-group is-layout-constrained wp-container-core-group-is-layout-ad3dd4a2 wp-block-group-is-layout-constrained\" style=\"padding-top:var(--wp--preset--spacing--80);padding-bottom:var(--wp--preset--spacing--80)\">\n<div class=\"wp-block-columns is-layout-flex wp-container-core-columns-is-layout-28f84493 wp-block-columns-is-layout-flex\">\n<div class=\"wp-block-column is-vertically-aligned-center is-layout-flow wp-block-column-is-layout-flow\">\n<h2 class=\"wp-block-heading\">WORKING AT MLS ARCHITECTS<\/h2>\n\n\n\n<p>MLS Architects brings together a team of creative and experienced professionals who contribute to the development of the Quebec&#8217;s northern landscape.<\/p>\n\n\n\n<p>-Our firm has accumulated sixty years of experience<\/p>\n\n\n\n<p>-Our playground extends from Abitibi-T\u00e9miscamingue to Nunavik<\/p>\n\n\n\n<p>-Professional growth opportunities<\/p>\n\n\n\n<p>-Wide variety of stimulating projects<\/p>\n\n\n\n<p>-Strong company culture<\/p>\n\n\n\n<p>-Cutting-edge resources and tools<\/p>\n\n\n\n<p>-Work-life balance<\/p>\n<\/div>\n\n\n\n<div class=\"wp-block-column is-layout-flow wp-block-column-is-layout-flow\">\n<figure class=\"wp-block-image size-large\"><img decoding=\"async\" width=\"1600\" height=\"1067\" src=\"https:\/\/mlsarchitectes.com\/wp-content\/uploads\/2023\/03\/equipe-mls-architectes-1600x1067.jpg\" alt=\"\" class=\"wp-image-962\" srcset=\"https:\/\/mlsarchitectes.com\/wp-content\/uploads\/2023\/03\/equipe-mls-architectes-1600x1067.jpg 1600w, https:\/\/mlsarchitectes.com\/wp-content\/uploads\/2023\/03\/equipe-mls-architectes-900x600.jpg 900w, https:\/\/mlsarchitectes.com\/wp-content\/uploads\/2023\/03\/equipe-mls-architectes-768x512.jpg 768w, https:\/\/mlsarchitectes.com\/wp-content\/uploads\/2023\/03\/equipe-mls-architectes-1536x1025.jpg 1536w, https:\/\/mlsarchitectes.com\/wp-content\/uploads\/2023\/03\/equipe-mls-architectes.jpg 2000w\" sizes=\"(max-width: 1600px) 100vw, 1600px\" \/><\/figure>\n<\/div>\n<\/div>\n<\/div>\n\n\n\n<div id=\"Banni\u00e8re\" class=\"wp-block-group is-layout-constrained wp-block-group-is-layout-constrained\">\n<div class=\"wp-block-cover is-light has-parallax\" style=\"min-height:400px;aspect-ratio:unset;\"><span aria-hidden=\"true\" class=\"wp-block-cover__background has-background-dim-0 has-background-dim\"><\/span><div role=\"img\" class=\"wp-block-cover__image-background wp-image-967 has-parallax\" style=\"background-position:50% 50%;background-image:url(https:\/\/mlsarchitectes.com\/wp-content\/uploads\/2023\/03\/livres-bibliotheque-mls-architectes.jpg)\"><\/div><div class=\"wp-block-cover__inner-container is-layout-flow wp-block-cover-is-layout-flow\">\n<p class=\"has-text-align-center has-large-font-size\"><\/p>\n<\/div><\/div>\n<\/div>\n\n\n\n<div class=\"wp-block-group is-layout-constrained wp-container-core-group-is-layout-ad3dd4a2 wp-block-group-is-layout-constrained\" style=\"padding-top:var(--wp--preset--spacing--80);padding-bottom:var(--wp--preset--spacing--80)\">\n<h2 class=\"wp-block-heading\">Unsolicited application<\/h2>\n\n\n<script type=\"text\/javascript\">\n\/* <![CDATA[ *\/\nvar gform;gform||(document.addEventListener(\"gform_main_scripts_loaded\",function(){gform.scriptsLoaded=!0}),document.addEventListener(\"gform\/theme\/scripts_loaded\",function(){gform.themeScriptsLoaded=!0}),window.addEventListener(\"DOMContentLoaded\",function(){gform.domLoaded=!0}),gform={domLoaded:!1,scriptsLoaded:!1,themeScriptsLoaded:!1,isFormEditor:()=>\"function\"==typeof InitializeEditor,callIfLoaded:function(o){return!(!gform.domLoaded||!gform.scriptsLoaded||!gform.themeScriptsLoaded&&!gform.isFormEditor()||(gform.isFormEditor()&&console.warn(\"The use of gform.initializeOnLoaded() is deprecated in the form editor context and will be removed in Gravity Forms 3.1.\"),o(),0))},initializeOnLoaded:function(o){gform.callIfLoaded(o)||(document.addEventListener(\"gform_main_scripts_loaded\",()=>{gform.scriptsLoaded=!0,gform.callIfLoaded(o)}),document.addEventListener(\"gform\/theme\/scripts_loaded\",()=>{gform.themeScriptsLoaded=!0,gform.callIfLoaded(o)}),window.addEventListener(\"DOMContentLoaded\",()=>{gform.domLoaded=!0,gform.callIfLoaded(o)}))},hooks:{action:{},filter:{}},addAction:function(o,r,e,t){gform.addHook(\"action\",o,r,e,t)},addFilter:function(o,r,e,t){gform.addHook(\"filter\",o,r,e,t)},doAction:function(o){gform.doHook(\"action\",o,arguments)},applyFilters:function(o){return gform.doHook(\"filter\",o,arguments)},removeAction:function(o,r){gform.removeHook(\"action\",o,r)},removeFilter:function(o,r,e){gform.removeHook(\"filter\",o,r,e)},addHook:function(o,r,e,t,n){null==gform.hooks[o][r]&&(gform.hooks[o][r]=[]);var d=gform.hooks[o][r];null==n&&(n=r+\"_\"+d.length),gform.hooks[o][r].push({tag:n,callable:e,priority:t=null==t?10:t})},doHook:function(r,o,e){var t;if(e=Array.prototype.slice.call(e,1),null!=gform.hooks[r][o]&&((o=gform.hooks[r][o]).sort(function(o,r){return o.priority-r.priority}),o.forEach(function(o){\"function\"!=typeof(t=o.callable)&&(t=window[t]),\"action\"==r?t.apply(null,e):e[0]=t.apply(null,e)})),\"filter\"==r)return e[0]},removeHook:function(o,r,t,n){var e;null!=gform.hooks[o][r]&&(e=(e=gform.hooks[o][r]).filter(function(o,r,e){return!!(null!=n&&n!=o.tag||null!=t&&t!=o.priority)}),gform.hooks[o][r]=e)}});\n\/* ]]> *\/\n<\/script>\n\n                <div class='gf_browser_gecko gform_wrapper gravity-theme gform-theme--no-framework' data-form-theme='gravity-theme' data-form-index='0' id='gform_wrapper_4' ><div id='gf_4' class='gform_anchor' tabindex='-1'><\/div><form method='post' enctype='multipart\/form-data' target='gform_ajax_frame_4' id='gform_4'  action='\/en\/wp-json\/wp\/v2\/pages\/1907#gf_4' data-formid='4' novalidate><div class='gf_invisible ginput_recaptchav3' data-sitekey='6LfMY5QmAAAAANZxilGytrRBxqc-6HSd-UANXJd1' data-tabindex='0'><input id=\"input_35be03f21148cf7daf00d9edcddf7231\" class=\"gfield_recaptcha_response\" type=\"hidden\" name=\"input_35be03f21148cf7daf00d9edcddf7231\" value=\"\"\/><\/div>\n                        <div class='gform-body gform_body'><div id='gform_fields_4' class='gform_fields top_label form_sublabel_below description_below validation_below'><fieldset id=\"field_4_1\" class=\"gfield gfield--type-name gfield_contains_required field_sublabel_hidden_label gfield--no-description field_description_below hidden_label field_validation_below gfield_visibility_visible\"  ><legend class='gfield_label gform-field-label gfield_label_before_complex' >Name<span class=\"gfield_required\"><span class=\"gfield_required gfield_required_text\">(Required)<\/span><\/span><\/legend><div class='ginput_complex ginput_container ginput_container--name no_prefix has_first_name no_middle_name has_last_name no_suffix gf_name_has_2 ginput_container_name gform-grid-row' id='input_4_1'>\n                            \n                            <span id='input_4_1_3_container' class='name_first gform-grid-col gform-grid-col--size-auto' >\n                                                    <input type='text' name='input_1.3' id='input_4_1_3' value=''   aria-required='true'   placeholder='First Name'  \/>\n                                                    <label for='input_4_1_3' class='gform-field-label gform-field-label--type-sub hidden_sub_label screen-reader-text'>First Name<\/label>\n                                                <\/span>\n                            \n                            <span id='input_4_1_6_container' class='name_last gform-grid-col gform-grid-col--size-auto' >\n                                                    <input type='text' name='input_1.6' id='input_4_1_6' value=''   aria-required='true'   placeholder='Last Name'  \/>\n                                                    <label for='input_4_1_6' class='gform-field-label gform-field-label--type-sub hidden_sub_label screen-reader-text'>Last Name<\/label>\n                                                <\/span>\n                            \n                        <\/div><\/fieldset><div id=\"field_4_3\" class=\"gfield gfield--type-email gfield--width-half gfield_contains_required field_sublabel_below gfield--no-description field_description_below hidden_label field_validation_below gfield_visibility_visible\"  ><label class='gfield_label gform-field-label' for='input_4_3'>Email<span class=\"gfield_required\"><span class=\"gfield_required gfield_required_text\">(Required)<\/span><\/span><\/label><div class='ginput_container ginput_container_email'>\n                            <input name='input_3' id='input_4_3' type='email' value='' class='large'   placeholder='Email' aria-required=\"true\" aria-invalid=\"false\"  \/>\n                        <\/div><\/div><div id=\"field_4_4\" class=\"gfield gfield--type-phone gfield--width-half field_sublabel_below gfield--no-description field_description_below hidden_label field_validation_below gfield_visibility_visible\"  ><label class='gfield_label gform-field-label' for='input_4_4'>Phone<\/label><div class='ginput_container ginput_container_phone'><input name='input_4' id='input_4_4' type='tel' value='' class='large'  placeholder='Phone'  aria-invalid=\"false\"   \/><\/div><\/div><div id=\"field_4_5\" class=\"gfield gfield--type-text gfield_contains_required field_sublabel_below gfield--no-description field_description_below hidden_label field_validation_below gfield_visibility_hidden\"  ><div class=\"admin-hidden-markup\"><i class=\"gform-icon gform-icon--hidden\" aria-hidden=\"true\" title=\"This field is hidden when viewing the form\"><\/i><span>This field is hidden when viewing the form<\/span><\/div><label class='gfield_label gform-field-label' for='input_4_5'>Objet<span class=\"gfield_required\"><span class=\"gfield_required gfield_required_text\">(Required)<\/span><\/span><\/label><div class='ginput_container ginput_container_text'><input name='input_5' id='input_4_5' type='text' value='Carri\u00e8re - Candidature spontan\u00e9e' class='large'    placeholder='Objet' aria-required=\"true\" aria-invalid=\"false\"   \/><\/div><\/div><div id=\"field_4_6\" class=\"gfield gfield--type-textarea gfield--width-full gfield_contains_required field_sublabel_below gfield--no-description field_description_below hidden_label field_validation_below gfield_visibility_visible\"  ><label class='gfield_label gform-field-label' for='input_4_6'>Summary<span class=\"gfield_required\"><span class=\"gfield_required gfield_required_text\">(Required)<\/span><\/span><\/label><div class='ginput_container ginput_container_textarea'><textarea name='input_6' id='input_4_6' class='textarea large'    placeholder='Summary' aria-required=\"true\" aria-invalid=\"false\"   rows='10' cols='50'><\/textarea><\/div><\/div><div id=\"field_4_7\" class=\"gfield gfield--type-fileupload gfield--width-full gfield_contains_required field_sublabel_below gfield--no-description field_description_below field_validation_below gfield_visibility_visible\"  ><label class='gfield_label gform-field-label' for='input_4_7'>Curriculum Vitae<span class=\"gfield_required\"><span class=\"gfield_required gfield_required_text\">(Required)<\/span><\/span><\/label><div class='ginput_container ginput_container_fileupload'><input type='hidden' name='MAX_FILE_SIZE' value='94371840' \/><input name='input_7' id='input_4_7' type='file' class='large' aria-describedby=\"gfield_upload_rules_4_7\" onchange='javascript:gformValidateFileSize( this, 94371840 );'  \/><span class='gfield_description gform_fileupload_rules' id='gfield_upload_rules_4_7'>Max. file size: 90 MB.<\/span><div class='gfield_description validation_message gfield_validation_message validation_message--hidden-on-empty' id='live_validation_message_4_7'><\/div> <\/div><\/div><\/div><\/div>\n        <div class='gform-footer gform_footer top_label'> <input type='submit' id='gform_submit_button_4' class='gform_button button' onclick='gform.submission.handleButtonClick(this);' data-submission-type='submit' value='Apply'  \/> <input type='hidden' name='gform_ajax' value='form_id=4&amp;title=&amp;description=&amp;tabindex=0&amp;theme=gravity-theme&amp;styles=[]&amp;hash=a1ed8df44e1d55f6ea193373316ad977' \/>\n            <input type='hidden' class='gform_hidden' name='gform_submission_method' data-js='gform_submission_method_4' value='iframe' \/>\n            <input type='hidden' class='gform_hidden' name='gform_theme' data-js='gform_theme_4' id='gform_theme_4' value='gravity-theme' \/>\n            <input type='hidden' class='gform_hidden' name='gform_style_settings' data-js='gform_style_settings_4' id='gform_style_settings_4' value='[]' \/>\n            <input type='hidden' class='gform_hidden' name='is_submit_4' value='1' \/>\n            <input type='hidden' class='gform_hidden' name='gform_submit' value='4' \/>\n            \n            <input type='hidden' class='gform_hidden' name='gform_currency' data-currency='CAD' value='hoQkcKotnxSm352xsegzI+iZNFt42j8GCDwGAqqkFm2IX4iVBtMNwtF19Q35dExDXCsenoSUMVtke3iLzt4ifehwvkomp\/E5K2bJgViiLPFKILk=' \/>\n            <input type='hidden' class='gform_hidden' name='gform_unique_id' value='' \/>\n            <input type='hidden' class='gform_hidden' name='state_4' value='WyJbXSIsIjI5OTk0NjRlMWIwZDYzYWQ4YWRiOGI4YjFkNmU4MTMzIl0=' \/>\n            <input type='hidden' autocomplete='off' class='gform_hidden' name='gform_target_page_number_4' id='gform_target_page_number_4' value='0' \/>\n            <input type='hidden' autocomplete='off' class='gform_hidden' name='gform_source_page_number_4' id='gform_source_page_number_4' value='1' \/>\n            <input type='hidden' name='gform_field_values' value='' \/>\n            \n        <\/div>\n                        <\/form>\n                        <\/div>\n\t\t                <iframe style='display:none;width:0px;height:0px;' src='about:blank' name='gform_ajax_frame_4' id='gform_ajax_frame_4' title='This iframe contains the logic required to handle Ajax powered Gravity Forms.'><\/iframe>\n\t\t                <script type=\"text\/javascript\">\n\/* <![CDATA[ *\/\n gform.initializeOnLoaded( function() {gformInitSpinner( 4, 'https:\/\/mlsarchitectes.com\/wp-content\/plugins\/gravityforms\/images\/spinner.svg', true );jQuery('#gform_ajax_frame_4').on('load',function(){var contents = jQuery(this).contents().find('*').html();var is_postback = contents.indexOf('GF_AJAX_POSTBACK') >= 0;if(!is_postback){return;}var form_content = jQuery(this).contents().find('#gform_wrapper_4');var is_confirmation = jQuery(this).contents().find('#gform_confirmation_wrapper_4').length > 0;var is_redirect = contents.indexOf('gformRedirect(){') >= 0;var is_form = form_content.length > 0 && ! is_redirect && ! is_confirmation;var mt = parseInt(jQuery('html').css('margin-top'), 10) + parseInt(jQuery('body').css('margin-top'), 10) + 100;if(is_form){jQuery('#gform_wrapper_4').html(form_content.html());if(form_content.hasClass('gform_validation_error')){jQuery('#gform_wrapper_4').addClass('gform_validation_error');} else {jQuery('#gform_wrapper_4').removeClass('gform_validation_error');}setTimeout( function() { \/* delay the scroll by 50 milliseconds to fix a bug in chrome *\/ jQuery(document).scrollTop(jQuery('#gform_wrapper_4').offset().top - mt); }, 50 );if(window['gformInitDatepicker']) {gformInitDatepicker();}if(window['gformInitPriceFields']) {gformInitPriceFields();}var current_page = jQuery('#gform_source_page_number_4').val();gformInitSpinner( 4, 'https:\/\/mlsarchitectes.com\/wp-content\/plugins\/gravityforms\/images\/spinner.svg', true );jQuery(document).trigger('gform_page_loaded', [4, current_page]);window['gf_submitting_4'] = false;}else if(!is_redirect){var confirmation_content = jQuery(this).contents().find('.GF_AJAX_POSTBACK').html();if(!confirmation_content){confirmation_content = contents;}jQuery('#gform_wrapper_4').replaceWith(confirmation_content);jQuery(document).scrollTop(jQuery('#gf_4').offset().top - mt);jQuery(document).trigger('gform_confirmation_loaded', [4]);window['gf_submitting_4'] = false;wp.a11y.speak(jQuery('#gform_confirmation_message_4').text());}else{jQuery('#gform_4').append(contents);if(window['gformRedirect']) {gformRedirect();}}jQuery(document).trigger(\"gform_pre_post_render\", [{ formId: \"4\", currentPage: \"current_page\", abort: function() { this.preventDefault(); } }]);        if (event && event.defaultPrevented) {                return;        }        const gformWrapperDiv = document.getElementById( \"gform_wrapper_4\" );        if ( gformWrapperDiv ) {            const visibilitySpan = document.createElement( \"span\" );            visibilitySpan.id = \"gform_visibility_test_4\";            gformWrapperDiv.insertAdjacentElement( \"afterend\", visibilitySpan );        }        const visibilityTestDiv = document.getElementById( \"gform_visibility_test_4\" );        let postRenderFired = false;        function triggerPostRender() {            if ( postRenderFired ) {                return;            }            postRenderFired = true;            gform.core.triggerPostRenderEvents( 4, current_page );            if ( visibilityTestDiv ) {                visibilityTestDiv.parentNode.removeChild( visibilityTestDiv );            }        }        function debounce( func, wait, immediate ) {            var timeout;            return function() {                var context = this, args = arguments;                var later = function() {                    timeout = null;                    if ( !immediate ) func.apply( context, args );                };                var callNow = immediate && !timeout;                clearTimeout( timeout );                timeout = setTimeout( later, wait );                if ( callNow ) func.apply( context, args );            };        }        const debouncedTriggerPostRender = debounce( function() {            triggerPostRender();        }, 200 );        if ( visibilityTestDiv && visibilityTestDiv.offsetParent === null ) {            const observer = new MutationObserver( ( mutations ) => {                mutations.forEach( ( mutation ) => {                    if ( mutation.type === 'attributes' && visibilityTestDiv.offsetParent !== null ) {                        debouncedTriggerPostRender();                        observer.disconnect();                    }                });            });            observer.observe( document.body, {                attributes: true,                childList: false,                subtree: true,                attributeFilter: [ 'style', 'class' ],            });        } else {            triggerPostRender();        }    } );} ); \n\/* ]]> *\/\n<\/script>\n<\/div>\n","protected":false},"excerpt":{"rendered":"<p>Careers WORKING AT MLS ARCHITECTS MLS Architects brings together a team of creative and experienced professionals who contribute to the development of the Quebec&#8217;s northern landscape. -Our firm has accumulated sixty years of experience -Our playground extends from Abitibi-T\u00e9miscamingue to Nunavik -Professional growth opportunities -Wide variety of stimulating projects -Strong company culture -Cutting-edge resources and [&hellip;]<\/p>\n","protected":false},"author":7,"featured_media":1872,"parent":0,"menu_order":8,"comment_status":"closed","ping_status":"closed","template":"","meta":{"_acf_changed":false,"footnotes":""},"class_list":["post-1907","page","type-page","status-publish","has-post-thumbnail","hentry"],"acf":[],"_links":{"self":[{"href":"https:\/\/mlsarchitectes.com\/en\/wp-json\/wp\/v2\/pages\/1907","targetHints":{"allow":["GET"]}}],"collection":[{"href":"https:\/\/mlsarchitectes.com\/en\/wp-json\/wp\/v2\/pages"}],"about":[{"href":"https:\/\/mlsarchitectes.com\/en\/wp-json\/wp\/v2\/types\/page"}],"author":[{"embeddable":true,"href":"https:\/\/mlsarchitectes.com\/en\/wp-json\/wp\/v2\/users\/7"}],"replies":[{"embeddable":true,"href":"https:\/\/mlsarchitectes.com\/en\/wp-json\/wp\/v2\/comments?post=1907"}],"version-history":[{"count":5,"href":"https:\/\/mlsarchitectes.com\/en\/wp-json\/wp\/v2\/pages\/1907\/revisions"}],"predecessor-version":[{"id":2038,"href":"https:\/\/mlsarchitectes.com\/en\/wp-json\/wp\/v2\/pages\/1907\/revisions\/2038"}],"wp:featuredmedia":[{"embeddable":true,"href":"https:\/\/mlsarchitectes.com\/en\/wp-json\/wp\/v2\/media\/1872"}],"wp:attachment":[{"href":"https:\/\/mlsarchitectes.com\/en\/wp-json\/wp\/v2\/media?parent=1907"}],"curies":[{"name":"wp","href":"https:\/\/api.w.org\/{rel}","templated":true}]}}